{"id":1312,"date":"2024-02-28T17:00:08","date_gmt":"2024-02-28T17:00:08","guid":{"rendered":"https:\/\/truffletim.ro\/politica-sulla-privacy\/"},"modified":"2024-02-28T19:50:26","modified_gmt":"2024-02-28T19:50:26","slug":"politica-sulla-privacy","status":"publish","type":"page","link":"https:\/\/truffletim.ro\/it\/politica-sulla-privacy\/","title":{"rendered":"Politica sulla privacy"},"content":{"rendered":"<p>[et_pb_section fb_built=&#8221;1&#8243; _builder_version=&#8221;4.24.2&#8243; _module_preset=&#8221;default&#8221; global_colors_info=&#8221;{}&#8221;][et_pb_row _builder_version=&#8221;4.24.2&#8243; _module_preset=&#8221;default&#8221; global_colors_info=&#8221;{}&#8221;][et_pb_column type=&#8221;4_4&#8243; _builder_version=&#8221;4.24.2&#8243; _module_preset=&#8221;default&#8221; global_colors_info=&#8221;{}&#8221;][et_pb_heading title=&#8221;@ET-DC@eyJkeW5hbWljIjp0cnVlLCJjb250ZW50IjoicG9zdF90aXRsZSIsInNldHRpbmdzIjp7ImJlZm9yZSI6IiIsImFmdGVyIjoiIn19@&#8221; _builder_version=&#8221;4.24.2&#8243; _dynamic_attributes=&#8221;title&#8221; _module_preset=&#8221;default&#8221; global_colors_info=&#8221;{}&#8221;][\/et_pb_heading][et_pb_divider color=&#8221;#E09900&#8243; divider_weight=&#8221;3px&#8221; _builder_version=&#8221;4.24.2&#8243; _module_preset=&#8221;default&#8221; width=&#8221;50%&#8221; module_alignment=&#8221;left&#8221; global_colors_info=&#8221;{}&#8221;][\/et_pb_divider][et_pb_text _builder_version=&#8221;4.24.2&#8243; _module_preset=&#8221;default&#8221; link_text_color=&#8221;#E09900&#8243; global_colors_info=&#8221;{}&#8221;]<\/p>\n<p><strong>GENERALE<\/strong><\/p>\n<p><strong>Truffle Tim, con sede a Str. G\u0103rii, Nr. 661, Jud. Prahova, Sat Filipe\u0219tii de P\u0103dure, Comuna Filipe\u0219tii de P\u0103dure<\/strong>, ha come principale preoccupazione la preservazione della riservatezza dei vostri dati personali. Attraverso questo documento desideriamo informarti che utilizzando il sito web tartufitim.ro, i dati personali che inserirai raggiungeranno solo l&#8217;amministratore della piattaforma ed \u00e8 altrimenti esclusa la loro divulgazione a terzi.<\/p>\n<p><strong>CHE TIPO DI DATI VENGONO TRATTATI?<\/strong><\/p>\n<p>Quando si utilizza il sito Web tartufitim.ro, i dati personali forniti per contatti, domande e reclami saranno: <strong>COGNOME, COGNOME, INDIRIZZO E-MAIL, NUMERO DI TELEFONO<\/strong>, con la possibilit\u00e0 di richiedere altre informazioni che fornirai pienamente consapevole della presente privacy policy, prestando cos\u00ec il tuo consenso al loro trattamento.<\/p>\n<p><strong>QUAL \u00c8 LO SCOPO PER IL QUALE VENGONO TRATTATI I TUOI DATI?<\/strong><\/p>\n<p>I dati personali forniti durante l&#8217;utilizzo del sito web tartufitim.ro saranno trattati per:<\/p>\n<p>Per campagne di marketing effettuate tramite mezzi on-line o sms, aventi come scopo esclusivamente la comunicazione di alcune informazioni riguardanti il \u200b\u200bprofilo del sito.<br \/>A tal fine, hai il diritto di accettare\/rifiutare questa modalit\u00e0 di trattamento dei dati, essendo il loro conferimento volontario.<br \/>Per risolvere eventuali reclami ricevuti da te.<br \/>Per migliorare la tua esperienza all&#8217;interno della piattaforma tartufitim.ro.<br \/>Effettuare alcuni sondaggi che possano aiutare ad un migliore e pi\u00f9 efficiente utilizzo del sito.<\/p>\n<p>&nbsp;<\/p>\n<p>I dati che inserisci nei form del sito devono essere tuoi dati personali, non di terze parti, e devono essere corretti.<\/p>\n<p><strong>CAT TIMP VI SE VOR PRELUCRA DATELE?<\/strong><\/p>\n<p>Truffle Tim si riserva il diritto che, previo consenso da Lei offerto in merito al trattamento dei dati personali, essi vengano utilizzati per le finalit\u00e0 sopra indicate nel presente documento, purch\u00e9 lo ritenga necessario. Se desideri che i tuoi dati non vengano pi\u00f9 trattati, anche se hai precedentemente dato il tuo consenso, ti preghiamo di contattarci all&#8217;indirizzo e-mail: contact@truffletim.ro.<\/p>\n<p><strong>RISERVATEZZA DEI DATI<\/strong><\/p>\n<p>Affinch\u00e9 i tuoi dati possano essere trattati per le finalit\u00e0 proposte e non per altri scopi immorali o illegali, essi saranno comunicati ai partner di Truffle Tim, al fine di garantire un&#8217;attivit\u00e0 del sito estremamente efficiente. Questi partner manterranno esattamente la riservatezza dei tuoi dati personali.<\/p>\n<p>I possibili casi in cui comunicheremo i dati personali da te forniti potrebbero essere:<\/p>\n<p>Servizi informatici per l&#8217;amministrazione di siti web;<br \/>Servizi di corriere nel caso in cui dobbiamo inviarti vari articoli;<br \/>Esecuzione di analisi dei dati, test e osservazione di modelli di attivit\u00e0;<br \/>Per le campagne di marketing, dal punto di vista legale;<br \/>Quando la legge richiede la loro divulgazione;<\/p>\n<p>Utilizzando il sito web tartufitim.ro, accetti questa politica sulla privacy e non avrai il diritto di lamentarti successivamente di queste azioni.<\/p>\n<p><strong>QUALI SONO I TUOI DIRITTI?<\/strong><\/p>\n<p>Secondo la normativa vigente in materia di trattamento dei dati personali, tu, come utente, hai i seguenti diritti:<\/p>\n<p>Il diritto di essere informato e di ricevere tutti i dettagli riguardanti qualsiasi attivit\u00e0 svolta da Truffle Tim, secondo quanto sopra menzionato nel presente documento.<br \/>Il diritto di avere accesso ai propri dati personali e di ricevere dettagli sul loro trattamento, divulgazione e conservazione.<br \/>Questi ti sono presentati sopra e tu sei d&#8217;accordo con quelli menzionati nel contesto dell&#8217;utilizzo della piattaforma tartufitim.ro.<br \/>Il diritto di non subire ritardi nella rettifica di dati inesatti, ingiustificati o incompleti. Queste azioni comportano la comunicazione al destinatario se ci\u00f2 non comporta sforzi che superano le attribuzioni di tartufitim.ro.<br \/>Il diritto di richiedere che i dati che hai precedentemente fornito consapevolmente a tartufitim.ro vengano rimossi dal database senza scuse o ragioni nascoste affinch\u00e9 ci\u00f2 non accada. Se si desidera eliminare i dati personali dal database, \u00e8 necessario avvisare l&#8217;amministratore del sito all&#8217;indirizzo e-mail: contact@truffletim.ro. Quando compare una richiesta di questo tipo (cancellazione dei dati personali), esiste la possibilit\u00e0 che tali dati vengano anonimizzati, cio\u00e8 non avranno pi\u00f9 carattere personale, e il trattamento proseguir\u00e0 per finalit\u00e0 strettamente statistiche.<br \/>Il diritto di richiedere l&#8217;interruzione del trattamento dei dati se: \u2013 i dati sono contestati a causa della loro esattezza; &#8211; Il loro trattamento \u00e8 illecito e l&#8217;interessato si oppone alla cancellazione ma ne limita comunque l&#8217;accesso; &#8211; Ti sei opposto al loro trattamento per finalit\u00e0 diverse dal marketing diretto;<br \/>Il diritto di rivolgersi all&#8217;AUTORIT\u00c0 NAZIONALE PER IL CONTROLLO DEL TRATTAMENTO DEI DATI PERSONALI se hai la prova o sospetti che ci\u00f2 sia necessario, perch\u00e9 i tuoi diritti sono stati violati.<\/p>\n<p>Se desideri porci altre domande su come i tuoi dati personali vengono gestiti e trattati da Truffle Tim, ti preghiamo di scriverci all&#8217;indirizzo e-mail: contact@truffletim.ro.<\/p>\n<p>Questo documento \u00e8 conforme alle disposizioni legali in vigore nello Stato rumeno.<\/p>\n<p>[\/et_pb_text][\/et_pb_column][\/et_pb_row][\/et_pb_section]<\/p>\n","protected":false},"excerpt":{"rendered":"<p>GENERALE Truffle Tim, con sede a Str. G\u0103rii, Nr. 661, Jud. Prahova, Sat Filipe\u0219tii de P\u0103dure, Comuna Filipe\u0219tii de P\u0103dure, ha come principale preoccupazione la preservazione della riservatezza dei vostri dati personali. Attraverso questo documento desideriamo informarti che utilizzando il sito web tartufitim.ro, i dati personali che inserirai raggiungeranno solo l&#8217;amministratore della piattaforma ed \u00e8 [&hellip;]<\/p>\n","protected":false},"author":1,"featured_media":0,"parent":0,"menu_order":0,"comment_status":"closed","ping_status":"closed","template":"","meta":{"_acf_changed":false,"_et_pb_use_builder":"on","_et_pb_old_content":"","_et_gb_content_width":"","footnotes":""},"class_list":["post-1312","page","type-page","status-publish","hentry"],"acf":[],"_links":{"self":[{"href":"https:\/\/truffletim.ro\/it\/wp-json\/wp\/v2\/pages\/1312","targetHints":{"allow":["GET"]}}],"collection":[{"href":"https:\/\/truffletim.ro\/it\/wp-json\/wp\/v2\/pages"}],"about":[{"href":"https:\/\/truffletim.ro\/it\/wp-json\/wp\/v2\/types\/page"}],"author":[{"embeddable":true,"href":"https:\/\/truffletim.ro\/it\/wp-json\/wp\/v2\/users\/1"}],"replies":[{"embeddable":true,"href":"https:\/\/truffletim.ro\/it\/wp-json\/wp\/v2\/comments?post=1312"}],"version-history":[{"count":2,"href":"https:\/\/truffletim.ro\/it\/wp-json\/wp\/v2\/pages\/1312\/revisions"}],"predecessor-version":[{"id":1314,"href":"https:\/\/truffletim.ro\/it\/wp-json\/wp\/v2\/pages\/1312\/revisions\/1314"}],"wp:attachment":[{"href":"https:\/\/truffletim.ro\/it\/wp-json\/wp\/v2\/media?parent=1312"}],"curies":[{"name":"wp","href":"https:\/\/api.w.org\/{rel}","templated":true}]}}