{"id":1302,"date":"2024-02-28T17:11:22","date_gmt":"2024-02-28T17:11:22","guid":{"rendered":"https:\/\/truffletim.ro\/politica-sui-cookie\/"},"modified":"2024-02-28T19:11:22","modified_gmt":"2024-02-28T19:11:22","slug":"politica-sui-cookie","status":"publish","type":"page","link":"https:\/\/truffletim.ro\/it\/politica-sui-cookie\/","title":{"rendered":"Politica sui cookie"},"content":{"rendered":"<p>[et_pb_section fb_built=&#8221;1&#8243; _builder_version=&#8221;4.24.2&#8243; _module_preset=&#8221;default&#8221; global_colors_info=&#8221;{}&#8221; theme_builder_area=&#8221;post_content&#8221;][et_pb_row _builder_version=&#8221;4.24.2&#8243; _module_preset=&#8221;default&#8221; global_colors_info=&#8221;{}&#8221; theme_builder_area=&#8221;post_content&#8221;][et_pb_column type=&#8221;4_4&#8243; _builder_version=&#8221;4.24.2&#8243; _module_preset=&#8221;default&#8221; global_colors_info=&#8221;{}&#8221; theme_builder_area=&#8221;post_content&#8221;][et_pb_heading title=&#8221;@ET-DC@eyJkeW5hbWljIjp0cnVlLCJjb250ZW50IjoicG9zdF90aXRsZSIsInNldHRpbmdzIjp7ImJlZm9yZSI6IiIsImFmdGVyIjoiIn19@&#8221; _builder_version=&#8221;4.24.2&#8243; _dynamic_attributes=&#8221;title&#8221; _module_preset=&#8221;default&#8221; global_colors_info=&#8221;{}&#8221; theme_builder_area=&#8221;post_content&#8221;][\/et_pb_heading][et_pb_divider color=&#8221;#E09900&#8243; divider_weight=&#8221;3px&#8221; _builder_version=&#8221;4.24.2&#8243; _module_preset=&#8221;default&#8221; width=&#8221;50%&#8221; module_alignment=&#8221;left&#8221; global_colors_info=&#8221;{}&#8221; theme_builder_area=&#8221;post_content&#8221;][\/et_pb_divider][et_pb_text _builder_version=&#8221;4.24.2&#8243; _module_preset=&#8221;default&#8221; link_text_color=&#8221;#E09900&#8243; hover_enabled=&#8221;0&#8243; global_colors_info=&#8221;{}&#8221; theme_builder_area=&#8221;post_content&#8221; sticky_enabled=&#8221;0&#8243;]<\/p>\n<p>Questo sito web utilizza cookie propri e di terze parti per fornire ai visitatori una migliore esperienza di navigazione e servizi adatti alle esigenze e agli interessi di tutti. Questi cookie possono provenire dalle seguenti terze parti: Google Analytics, Facebook, Google+, Twitter. Su questo sito sono presenti collegamenti a siti web di terze parti; una volta effettuato l&#8217;accesso a questi collegamenti, gli utenti sono soggetti alla politica del rispettivo sito web.<\/p>\n<p>In quello che chiamiamo &#8220;web 2.0&#8221;, i &#8220;cookie&#8221; svolgono un ruolo importante nel facilitare l&#8217;accesso e la fornitura dei molteplici servizi di cui l&#8217;utente gode su Internet, come ad esempio:<\/p>\n<p>Personalizzare alcune impostazioni come: la lingua in cui viene visualizzato un sito, la valuta in cui sono espressi determinati prezzi o tariffe, mantenere le opzioni per vari prodotti (misure, altri dettagli, ecc.).<br \/>I cookie forniscono ai proprietari dei siti un prezioso feedback su come i loro siti vengono utilizzati dagli utenti, in modo che possano renderli pi\u00f9 efficienti e accessibili agli utenti.<br \/>Consentono di includere in un determinato sito contenuti multimediali o altre applicazioni provenienti da altri siti per creare un&#8217;esperienza di navigazione pi\u00f9 preziosa, utile e piacevole.<br \/>Migliorare l&#8217;efficacia della pubblicit\u00e0 online.<\/p>\n<p><strong>Cos&#8217;\u00e8 un &#8220;cookie&#8221;?<\/strong><\/p>\n<p>Un &#8220;Internet Cookie&#8221; (termine noto anche come &#8220;cookie del browser&#8221; o &#8220;cookie HTTP&#8221; o semplicemente &#8220;cookie&#8221;) \u00e8 un piccolo file, composto da lettere e numeri, che viene memorizzato sul computer, sul terminale mobile o su altre apparecchiature dell&#8217;utente. da cui si accede a Internet. Il cookie viene installato tramite una richiesta inviata da un server web ad un browser (es: Internet Explorer, Chrome, Mozilla Firefox) ed \u00e8 completamente &#8220;passivo&#8221; (non contiene programmi software, virus o spyware e non pu\u00f2 accedere alle informazioni sul sito disco rigido (l&#8217;unit\u00e0 dell&#8217;utente).<\/p>\n<p>Un cookie \u00e8 composto da 2 parti: il nome e il contenuto o valore del cookie. Inoltre, viene determinata la durata di esistenza di un cookie; tecnicamente, solo il server web che ha inviato il cookie pu\u00f2 accedervi nuovamente quando un utente ritorna sul sito web associato a quel server web.<\/p>\n<p>I cookie stessi non richiedono informazioni personali per essere utilizzati e, nella maggior parte dei casi, non identificano personalmente gli utenti di Internet. Esistono 2 grandi categorie di cookie:<\/p>\n<p><strong>Cookie di sessione<\/strong> &#8211; vengono temporaneamente memorizzati nella cartella dei cookie del browser web in modo che venga ricordati finch\u00e9 l&#8217;utente non lascia il rispettivo sito web o chiude la finestra del browser (ad esempio quando si accede\/esce da un account webmail o sui social network).<br \/><strong>Cookie persistenti<\/strong> \u2013 Sono memorizzati sul disco rigido di un computer o dispositivo (e generalmente dipendono dalla durata del cookie). I cookie persistenti includono anche quelli inseriti da un sito web diverso da quello che l&#8217;utente sta visitando in quel momento &#8211; noti come &#8220;cookie di terze parti&#8221; &#8211; che possono essere utilizzati in modo anonimo per ricordare gli interessi di un utente, in modo che venga fornita la pubblicit\u00e0 pi\u00f9 pertinente per gli utenti. .<br \/>Quali sono i vantaggi dei cookie?<\/p>\n<p>Un cookie contiene informazioni che collegano un browser web (l&#8217;utente) e un server web specifico (il sito web). Se un browser accede nuovamente a quel server web, pu\u00f2 leggere le informazioni gi\u00e0 memorizzate e reagire di conseguenza. I cookie forniscono agli utenti un&#8217;esperienza di navigazione piacevole e supportano gli sforzi di molti siti Web per offrire servizi confortevoli agli utenti: ad esempio, preferenze sulla privacy online, opzioni della lingua del sito Web, carrelli della spesa o pubblicit\u00e0 pertinente.<\/p>\n<p><strong>Qual \u00e8 la durata di un cookie?<\/strong><\/p>\n<p>I cookie sono gestiti dai web server. La durata di un cookie pu\u00f2 variare in modo significativo, a seconda dello scopo per il quale viene inserito. Alcuni cookie vengono utilizzati esclusivamente per una singola sessione (cookie di sessione) e non vengono pi\u00f9 conservati una volta che l&#8217;utente lascia il sito, mentre alcuni cookie vengono conservati e riutilizzati ogni volta che l&#8217;utente ritorna sul sito (&#8220;cookie-permanent ures&#8221;). Tuttavia, i cookie possono essere cancellati da un utente in qualsiasi momento attraverso le impostazioni del browser.<\/p>\n<p><strong>Cosa sono i cookie inseriti da terze parti?<\/strong><\/p>\n<p>Alcune sezioni di contenuto su alcuni siti possono essere fornite tramite terze parti\/fornitori (ad esempio: news box, un video o una pubblicit\u00e0). Anche questi terzi possono inserire cookie attraverso il sito web e sono chiamati &#8220;cookie di terze parti&#8221; perch\u00e9 non vengono inseriti dal proprietario del rispettivo sito web. Anche i fornitori terzi devono rispettare la legge in vigore e le politiche sulla privacy del proprietario del sito web.<\/p>\n<p><strong>Come vengono utilizzati i cookie da questo sito?<\/strong><\/p>\n<p>Una visita a questo sito Web pu\u00f2 inserire cookie allo scopo di:<\/p>\n<p><strong>Cookie per le prestazioni del sito web<\/strong><\/p>\n<p><strong>Cookie di analisi dei visitatori<\/strong><br \/><strong>Cookie di registrazione<\/strong><br \/><strong>Cookie per la pubblicit\u00e0<\/strong><\/p>\n<p><strong>Cookie di prestazione<\/strong><\/p>\n<p>Questa tipologia di cookie ricorda le preferenze dell&#8217;utente su questo sito, quindi non \u00e8 necessario impostarle ogni volta che si visita il sito. Esempi:<\/p>\n<p>impostazioni del volume per il lettore video<br \/>la velocit\u00e0 di streaming video con cui il browser \u00e8 compatibile<\/p>\n<p><strong>Cookie per l&#8217;analisi dei visitatori<\/strong><\/p>\n<p>Ogni volta che un utente visita questo sito, il software di analisi fornito da terzi genera un cookie di analisi dell&#8217;utente. Questo cookie ci dice se hai gi\u00e0 visitato questo sito.<\/p>\n<p>Il browser ci dir\u00e0 se hai questo cookie e, in caso contrario, ne genereremo uno. Permette il monitoraggio degli utenti unici che ci visitano e quanto spesso lo fanno. Finch\u00e9 non sei registrato su questo sito, questi cookie non possono essere utilizzati per identificare individui, vengono utilizzati solo a fini statistici.<\/p>\n<p>Se sei registrato, possiamo anche conoscere i dettagli che ci hai fornito, come il tuo indirizzo e-mail e il tuo nome utente &#8211; questi sono soggetti alla riservatezza e alle disposizioni dei Termini e Condizioni, dell&#8217;Informativa sulla Privacy nonch\u00e9 alle disposizioni della normativa vigente in materia di protezione dei dati personali.<\/p>\n<p><strong>Cookie per il targeting geografico<\/strong><\/p>\n<p>Questi cookie sono utilizzati da un software che determina da quale paese provieni. \u00c8 completamente anonimo e viene utilizzato solo per personalizzare il contenuto del nostro sito web.<\/p>\n<p><strong>Cookie di registrazione<\/strong><\/p>\n<p>Quando ti registri su questo sito, generiamo un cookie che ci dice se sei registrato o meno. I nostri server utilizzano questi cookie per mostrarci l&#8217;account con cui sei registrato e se hai il permesso per un servizio specifico. Ci consente inoltre di associare qualsiasi commento che pubblichi sul nostro sito con il tuo nome utente. Ci consenti inoltre di associare qualsiasi commento che pubblichi sul nostro sito con il tuo nome utente.<\/p>\n<p><strong>Cookie per la pubblicit\u00e0<\/strong><\/p>\n<p>Questi cookie ci permettono di sapere se hai visualizzato o meno una pubblicit\u00e0 online, di che tipologia \u00e8 e quanto tempo \u00e8 passato da quando hai visto il messaggio pubblicitario. Utilizziamo questi cookie anche per indirizzare la pubblicit\u00e0 online. Potremmo anche utilizzare cookie di terze parti per meglio indirizzare la pubblicit\u00e0, per mostrare, ad esempio, annunci pubblicitari sulle vacanze, se l&#8217;utente ha recentemente visitato un articolo sul sito web sulle vacanze. Questi cookie sono anonimi, memorizzano informazioni sul contenuto visualizzato, non sugli utenti. De asemenea, setam cookie-uri anonime si prin alte site-uri pe care avem publicitate. Ricevendoli in questo modo, possiamo usarli per riconoscerti come visitatore di quel sito, se successivamente visiterai il nostro sito, saremo in grado di fornirti pubblicit\u00e0 basata su queste informazioni.<\/p>\n<p><strong>Cookie dei fornitori di pubblicit\u00e0<\/strong><\/p>\n<p>Gran parte della pubblicit\u00e0 che trovi su questo sito appartiene a terzi. Alcuni di questi soggetti utilizzano i propri cookie anonimi per analizzare quante persone sono state esposte a un messaggio pubblicitario o per vedere quante persone sono state esposte pi\u00f9 volte allo stesso messaggio pubblicitario. Le societ\u00e0 che generano questi cookie hanno le proprie politiche sulla privacy e questo sito non ha accesso per leggere o scrivere questi cookie. I cookie di terze parti possono essere utilizzati per mostrarti pubblicit\u00e0 mirata anche su altri siti, in base alla tua navigazione su questo sito.<\/p>\n<p><strong>Altri cookie di terze parti<\/strong><\/p>\n<p>Su alcune pagine, terze parti possono impostare i propri cookie anonimi, per monitorare il successo di un&#8217;applicazione o per personalizzare un&#8217;applicazione. A causa del modo di utilizzo, questo sito non pu\u00f2 accedere a questi cookie, cos\u00ec come terze parti non possono accedere ai cookie di propriet\u00e0 di questo sito. Ad esempio, quando condividi un articolo utilizzando il pulsante del social network su questo sito, quel social network registrer\u00e0 la tua attivit\u00e0.<\/p>\n<p><strong>Che tipo di informazioni vengono archiviate e a cui si accede tramite i cookie?<\/strong><\/p>\n<p>I cookie memorizzano le informazioni in un piccolo file di testo che consente a un sito Web di riconoscere un browser. Il server web riconosce il tuo browser fino alla scadenza o alla cancellazione del cookie. Il cookie memorizza informazioni importanti che migliorano l&#8217;esperienza di navigazione in Internet (ad esempio: le impostazioni della lingua in cui si desidera accedere a un sito; mantenere un utente connesso all&#8217;account webmail; sicurezza dell&#8217;online banking; mantenere i prodotti nel carrello).<\/p>\n<p><strong>Perch\u00e9 i cookie sono importanti per Internet?<\/strong><\/p>\n<p>I cookie rappresentano il punto centrale del funzionamento efficiente di Internet, contribuendo a generare un&#8217;esperienza di navigazione amichevole adattata alle preferenze e agli interessi di ciascun utente. Rifiutare o disabilitare i cookie potrebbe rendere inutilizzabili alcuni siti. Rifiutare o disattivare i cookie non significa che non riceverai pi\u00f9 pubblicit\u00e0 online, ma solo che non sar\u00e0 pi\u00f9 possibile tenere conto delle tue preferenze e dei tuoi interessi, evidenziati dal tuo comportamento di navigazione.<\/p>\n<p>Esempi di utilizzi importanti dei cookie (che non richiedono l&#8217;autenticazione di un utente tramite un account):<\/p>\n<p><strong>Contenuti e servizi adattati alle preferenze dell&#8217;utente<\/strong>: categorie di notizie, meteo, sport, mappe, servizi pubblici e governativi, siti di intrattenimento e servizi di viaggio.<br \/><strong>Offerte adattate agli interessi degli utenti<\/strong>: conservazione della password, preferenze della lingua (ad esempio: visualizzazione dei risultati della ricerca in rumeno).<br \/>Mantenimento dei filtri di protezione dei minori relativi ai contenuti Internet (opzioni della modalit\u00e0 famiglia, funzioni di ricerca sicura).<br \/><strong>Limitazione della frequenza delle trasmissioni pubblicitarie<\/strong> \u2013 limitazione del numero di volte in cui un annuncio pubblicitario viene visualizzato per un determinato utente su un sito.<br \/><strong>Fornire pubblicit\u00e0 pi\u00f9 pertinente all&#8217;utente.<\/strong><br \/>Funzionalit\u00e0 di misurazione, ottimizzazione e analisi &#8211; come la conferma di un certo livello di traffico su un sito web, che tipo di contenuto viene visualizzato e come un utente arriva a un sito web (ad esempio: attraverso i motori di ricerca, direttamente, da altri siti web ecc.). I siti web effettuano queste analisi del loro utilizzo al fine di migliorare i siti a vantaggio degli utenti.<br \/>Problemi di sicurezza e privacy<\/p>\n<p>&nbsp;<\/p>\n<p><strong>I cookie NON sono virus!<\/strong> Usano formati di testo normale. Non sono costituiti da pezzi di codice, quindi non possono essere eseguiti o eseguiti automaticamente. Di conseguenza, non possono essere duplicati o replicati su altre reti per essere eseguiti o replicati nuovamente.<\/p>\n<p>Poich\u00e9 non possono svolgere queste funzioni, non possono essere considerati virus. I cookie possono ancora essere utilizzati per scopi negativi. Poich\u00e9 memorizzano informazioni sulle preferenze e sulla cronologia di navigazione degli utenti, sia su un sito specifico che su numerosi altri siti, i cookie possono essere utilizzati come una forma di spyware.<\/p>\n<p>Multe produse anti-spyware sunt constiente de acest fapt si in mod constant marcheaza cookie-urile pentru a fi sterse in cadrul procedurilor de stergere\/scanare anti-virus\/anti-spyware.<\/p>\n<p>[\/et_pb_text][\/et_pb_column][\/et_pb_row][\/et_pb_section]<\/p>\n","protected":false},"excerpt":{"rendered":"<p>Questo sito web utilizza cookie propri e di terze parti per fornire ai visitatori una migliore esperienza di navigazione e servizi adatti alle esigenze e agli interessi di tutti. Questi cookie possono provenire dalle seguenti terze parti: Google Analytics, Facebook, Google+, Twitter. Su questo sito sono presenti collegamenti a siti web di terze parti; una [&hellip;]<\/p>\n","protected":false},"author":1,"featured_media":0,"parent":0,"menu_order":0,"comment_status":"closed","ping_status":"closed","template":"","meta":{"_acf_changed":false,"_et_pb_use_builder":"on","_et_pb_old_content":"","_et_gb_content_width":"","footnotes":""},"class_list":["post-1302","page","type-page","status-publish","hentry"],"acf":[],"_links":{"self":[{"href":"https:\/\/truffletim.ro\/it\/wp-json\/wp\/v2\/pages\/1302","targetHints":{"allow":["GET"]}}],"collection":[{"href":"https:\/\/truffletim.ro\/it\/wp-json\/wp\/v2\/pages"}],"about":[{"href":"https:\/\/truffletim.ro\/it\/wp-json\/wp\/v2\/types\/page"}],"author":[{"embeddable":true,"href":"https:\/\/truffletim.ro\/it\/wp-json\/wp\/v2\/users\/1"}],"replies":[{"embeddable":true,"href":"https:\/\/truffletim.ro\/it\/wp-json\/wp\/v2\/comments?post=1302"}],"version-history":[{"count":2,"href":"https:\/\/truffletim.ro\/it\/wp-json\/wp\/v2\/pages\/1302\/revisions"}],"predecessor-version":[{"id":1304,"href":"https:\/\/truffletim.ro\/it\/wp-json\/wp\/v2\/pages\/1302\/revisions\/1304"}],"wp:attachment":[{"href":"https:\/\/truffletim.ro\/it\/wp-json\/wp\/v2\/media?parent=1302"}],"curies":[{"name":"wp","href":"https:\/\/api.w.org\/{rel}","templated":true}]}}