{"id":1296,"date":"2024-02-28T16:31:15","date_gmt":"2024-02-28T16:31:15","guid":{"rendered":"https:\/\/truffletim.ro\/termini-e-condizioni\/"},"modified":"2024-02-28T18:02:54","modified_gmt":"2024-02-28T18:02:54","slug":"termini-e-condizioni","status":"publish","type":"page","link":"https:\/\/truffletim.ro\/it\/termini-e-condizioni\/","title":{"rendered":"Termini e Condizioni"},"content":{"rendered":"<p>[et_pb_section fb_built=&#8221;1&#8243; _builder_version=&#8221;4.24.2&#8243; _module_preset=&#8221;default&#8221; global_colors_info=&#8221;{}&#8221;][et_pb_row _builder_version=&#8221;4.24.2&#8243; _module_preset=&#8221;default&#8221; global_colors_info=&#8221;{}&#8221;][et_pb_column type=&#8221;4_4&#8243; _builder_version=&#8221;4.24.2&#8243; _module_preset=&#8221;default&#8221; global_colors_info=&#8221;{}&#8221;][et_pb_heading title=&#8221;@ET-DC@eyJkeW5hbWljIjp0cnVlLCJjb250ZW50IjoicG9zdF90aXRsZSIsInNldHRpbmdzIjp7ImJlZm9yZSI6IiIsImFmdGVyIjoiIn19@&#8221; _builder_version=&#8221;4.24.2&#8243; _dynamic_attributes=&#8221;title&#8221; _module_preset=&#8221;default&#8221; global_colors_info=&#8221;{}&#8221;][\/et_pb_heading][et_pb_divider color=&#8221;#E09900&#8243; divider_weight=&#8221;3px&#8221; _builder_version=&#8221;4.24.2&#8243; _module_preset=&#8221;default&#8221; width=&#8221;50%&#8221; module_alignment=&#8221;left&#8221; global_colors_info=&#8221;{}&#8221;][\/et_pb_divider][et_pb_text _builder_version=&#8221;4.24.2&#8243; _module_preset=&#8221;default&#8221; link_text_color=&#8221;#E09900&#8243; global_colors_info=&#8221;{}&#8221;]<strong>INTRODUZIONE<\/strong><\/p>\n<p>Le presenti Condizioni Generali definiscono le condizioni di utilizzo del sito web tartufitim.ro da parte di potenziali visitatori o clienti. Accedendo e navigando in questo sito accetti i termini di utilizzo di seguito descritti.<\/p>\n<p><strong>DIRITTI SUI CONTENUTI DEL SITO<\/strong><\/p>\n<p><strong>S.C. CRIS-TIM FAMILY HOLDING S.R.L., C.U.I. RO13533870, Nr. Reg. Com. J29\/991\/2000 (di seguito denominato Truffle Tim)<\/strong>, non trasferir\u00e0 la propriet\u00e0 dei servizi forniti.<\/p>\n<p>Tutte le informazioni o servizi contenuti in questo sito sono di propriet\u00e0 di Truffle Tim, che si riserva il diritto di modificare il contenuto e\/o la struttura del sito in qualsiasi momento e senza alcuna preventiva informazione.<\/p>\n<p>L&#8217;intero contenuto del sito web tartufitim.ro \u00e8 protetto dalla legge sul copyright, tutti i diritti sono riservati. Tutti i diritti relativi alle pagine, ai contenuti e alla presentazione del sito sono di propriet\u00e0 di Truffle Tim. \u00c8 vietato copiare, modificare, visualizzare, distribuire, trasmettere, pubblicare, vendere, concedere in licenza, creare materiali derivati \u200b\u200bo utilizzare il contenuto del sito per qualsiasi scopo senza la conferma scritta di Truffle Tim.<\/p>\n<p>L&#8217;accesso e l&#8217;uso della pagina tartufitim.ro sono gratuiti e mirano ad aiutare gli utenti a trovare le informazioni necessarie nel modo pi\u00f9 semplice e veloce possibile, in base alle esigenze di tutti.<\/p>\n<p>Le informazioni su tartufitim.ro sono di interesse generale e sono messe a disposizione degli utenti gratuitamente. Con il termine &#8220;utente&#8221; di questa pagina si intende qualsiasi persona fisica o giuridica che acceder\u00e0 alla pagina. \u00c8 possibile copiare e stampare il contenuto della pagina tartufitim.ro per uso personale, senza intenzioni commerciali. In qualsiasi altra situazione, il contenuto di tartufetim.ro non pu\u00f2 essere riprodotto, modificato o sfruttato senza il consenso esplicito dei rappresentanti di Truffle Tim.<\/p>\n<p><strong>ESCLUSIONE DI RESPONSABILITA&#8217;<\/strong><\/p>\n<p>Il contenuto dell&#8217;informativa si riferisce alla descrizione con un certo grado di dettaglio delle attivit\u00e0, delle informazioni e dei servizi di Truffle Tim. Truffle Tim non fornisce alcuna garanzia in merito a:<\/p>\n<p>&#8211; evitare l&#8217;uso faticoso o l&#8217;interruzione dell&#8217;utilizzo del sito;<br \/>\n&#8211; non incidere negativamente su altri sistemi attraverso l&#8217;utilizzo del sito;<br \/>\n&#8211; l&#8217;assenza di virus o altri componenti che potrebbero danneggiare gli utenti del sito.<\/p>\n<p>Pertanto, Truffle Tim non pu\u00f2 essere ritenuta responsabile per qualsiasi tipo di danno diretto o indiretto causato dall&#8217;utilizzo del proprio sito web. Tutte le informazioni presentate nel sito riguardanti i servizi forniti, prezzi, informazioni, campagne di marketing e promozioni, aspetti tecnici, sono presentate a solo scopo informativo. Niente nel contenuto del sito web tartufetim.ro pu\u00f2 costituire un&#8217;offerta contrattuale irrevocabile e non pu\u00f2 impegnare la responsabilit\u00e0 di Truffle Tim in assenza di accordi successivi. Il contenuto della pagina web tartufetim.ro, le informazioni e gli altri materiali presentati da Truffle Tim non rappresentano consulenza legale ai sensi della legge n. 51\/1995.<\/p>\n<p>Il GDPR \u00e8 un insieme di norme basate su principi complessi, aperti a interpretazioni e contenenti anche numerosi ambiti in cui gli Stati membri sono invitati a intervenire. Attualmente esistono pochissime linee guida in merito all\u2019attuazione del GDPR ed \u00e8 possibile che le Autorit\u00e0 di Controllo abbiano punti di vista diversi rispetto a quelli espressi in questo template. Nonostante i nostri sforzi per fornire i migliori servizi, non siamo in grado di prevedere con precisione come l\u2019Autorit\u00e0 di Vigilanza o i tribunali interpreteranno il Regolamento.<\/p>\n<p>Truffle Tim intende guidare ed aiutare nella pi\u00f9 corretta attuazione del Regolamento (UE) 2016\/679 relativo alla tutela delle persone fisiche con riguardo al trattamento dei dati personali, nonch\u00e9 alla libera circolazione di tali dati e all&#8217;abrogazione della Direttiva 95\/46 \/CE.<\/p>\n<p>Truffle Tim, i suoi rappresentanti e consulenti non rilasciano alcuna dichiarazione, promessa o garanzia in merito all&#8217;accuratezza, completezza o adeguatezza di tali contenuti, indicazioni e consulenza, non assumono alcun obbligo di risultato o di diligenza nei confronti di alcun soggetto, escludendosi espressamente di assumersi responsabilit\u00e0 per qualsiasi costo, perdita o danno sostenuto a seguito dell&#8217;utilizzo del contenuto.<\/p>\n<p><strong>L&#8217;OBIETTIVO DEL CONTENUTO DEL SITO WEB<\/strong><\/p>\n<p>L&#8217;obiettivo dei contenuti del sito \u00e8 trasmettere informazioni aggiornate e precise.<\/p>\n<p>Truffle Tim non pu\u00f2 garantire che queste pagine non contengano errori e assicura che far\u00e0 ogni sforzo per fornire informazioni corrette e correggere eventuali errori.<\/p>\n<p>Chiunque voglia acquistare uno dei servizi presentati nel sito \u00e8 pregato di contattare Truffle Tim attraverso uno dei mezzi indicati nella pagina <a href=\"https:\/\/truffletim.ro\/it\/contatto\/\" target=\"_blank\" rel=\"noopener\" title=\"Contatto\">Contatto<\/a> del sito, per conoscere la disponibilit\u00e0 del servizio in oggetto nonch\u00e9 le condizioni contrattuali, tariffarie ed informazioni tecniche o di altro tipo.<\/p>\n<p><strong>INFORMAZIONI PERSONALI<\/strong><\/p>\n<p>Quando vengono richieste informazioni attraverso questo sito web, \u00e8 allo scopo di identificarvi o avere la possibilit\u00e0 di contattarvi. Ci\u00f2 \u00e8 tanto pi\u00f9 necessario nel caso di utilizzo delle applicazioni disponibili sul sito.<\/p>\n<p>La natura delle informazioni richieste si riferisce in particolare ai dati anagrafici (nome, indirizzo, numeri di telefono), all&#8217;indirizzo e-mail, alle modalit\u00e0 con cui vengono utilizzati o intendono utilizzare i servizi Truffle Tim, ma pu\u00f2 comprendere anche altre informazioni strettamente correlate con l&#8217;utilizzo dei servizi richiesti.<\/p>\n<p>Al fine di rispondere al meglio alle esigenze e alle domande degli utenti del sito web, le informazioni richieste attraverso questo sito web verranno archiviate ed elaborate elettronicamente.<\/p>\n<p><strong>LINK AD ALTRI SITI<\/strong><\/p>\n<p>Questo sito pu\u00f2 contenere link o riferimenti ad altri siti considerati utili da Truffle Tim in relazione al contenuto del proprio sito e che non sono sotto il suo controllo o guida. In caso di utilizzo di questi collegamenti o riferimenti, si applicheranno le condizioni generali d&#8217;uso corrispondenti a tali siti.<\/p>\n<p>Truffle Tim non pu\u00f2 garantire\/controllare l&#8217;attualit\u00e0\/accuratezza delle informazioni presenti sui siti web di terzi, a cui si fa riferimento dal proprio sito web.<\/p>\n<p><strong>INFORMAZIONI FORNITE TRAMITE IL SITO<\/strong><\/p>\n<p>Qualsiasi persona che visita il sito web tartufetim.ro e fornisce dati o informazioni personali attraverso questo sito web acconsente espressamente e inequivocabilmente a quanto segue: il trattamento di questi dati e informazioni personali da parte di Truffle Tim al fine di effettuare ricerche di mercato; trasmissione di materiale promozionale specifico per operazioni di marketing diretto; la soluzione da parte di Truffle Tim delle richieste, domande e reclami affrontati (vedi pag <a href=\"https:\/\/truffletim.ro\/it\/contatto\/\" target=\"_blank\" rel=\"noopener\" title=\"Contatto\">Contatto<\/a> dal sito); altre attivit\u00e0 intraprese da Amplusnet e consentite dalla legge, che non sono soggette all&#8217;approvazione del destinatario.<\/p>\n<p>Truffle Tim manterr\u00e0 riservate queste informazioni.<\/p>\n<p>L&#8217;utilizzo continuato di questo sito costituisce il vostro consenso espresso ed inequivocabile in conformit\u00e0 con quanto previsto dalla legge 677\/2001 e dalle direttive GDPR per la tutela delle persone fisiche con riguardo al trattamento dei dati personali e alla libera circolazione di tali dati.<\/p>\n<p>Per qualsiasi dubbio in merito all&#8217;esercizio dei tuoi diritti riguardo all&#8217;uso del sito e alla tutela dell&#8217;uso, ti invitiamo a contattarci tramite la sezione <a href=\"https:\/\/truffletim.ro\/it\/contatto\/\" target=\"_blank\" rel=\"noopener\" title=\"Contatto\">Contatto<\/a> del sito.[\/et_pb_text][\/et_pb_column][\/et_pb_row][\/et_pb_section]<\/p>\n","protected":false},"excerpt":{"rendered":"<p>INTRODUZIONE Le presenti Condizioni Generali definiscono le condizioni di utilizzo del sito web tartufitim.ro da parte di potenziali visitatori o clienti. Accedendo e navigando in questo sito accetti i termini di utilizzo di seguito descritti. DIRITTI SUI CONTENUTI DEL SITO S.C. CRIS-TIM FAMILY HOLDING S.R.L., C.U.I. RO13533870, Nr. Reg. Com. J29\/991\/2000 (di seguito denominato Truffle [&hellip;]<\/p>\n","protected":false},"author":1,"featured_media":0,"parent":0,"menu_order":0,"comment_status":"closed","ping_status":"closed","template":"","meta":{"_acf_changed":false,"_et_pb_use_builder":"on","_et_pb_old_content":"","_et_gb_content_width":"","footnotes":""},"class_list":["post-1296","page","type-page","status-publish","hentry"],"acf":[],"_links":{"self":[{"href":"https:\/\/truffletim.ro\/it\/wp-json\/wp\/v2\/pages\/1296","targetHints":{"allow":["GET"]}}],"collection":[{"href":"https:\/\/truffletim.ro\/it\/wp-json\/wp\/v2\/pages"}],"about":[{"href":"https:\/\/truffletim.ro\/it\/wp-json\/wp\/v2\/types\/page"}],"author":[{"embeddable":true,"href":"https:\/\/truffletim.ro\/it\/wp-json\/wp\/v2\/users\/1"}],"replies":[{"embeddable":true,"href":"https:\/\/truffletim.ro\/it\/wp-json\/wp\/v2\/comments?post=1296"}],"version-history":[{"count":2,"href":"https:\/\/truffletim.ro\/it\/wp-json\/wp\/v2\/pages\/1296\/revisions"}],"predecessor-version":[{"id":1298,"href":"https:\/\/truffletim.ro\/it\/wp-json\/wp\/v2\/pages\/1296\/revisions\/1298"}],"wp:attachment":[{"href":"https:\/\/truffletim.ro\/it\/wp-json\/wp\/v2\/media?parent=1296"}],"curies":[{"name":"wp","href":"https:\/\/api.w.org\/{rel}","templated":true}]}}