{"id":1043,"date":"2024-01-19T21:21:57","date_gmt":"2024-01-19T21:21:57","guid":{"rendered":"https:\/\/10.255.250.98\/chi-siamo\/"},"modified":"2024-02-24T20:06:22","modified_gmt":"2024-02-24T20:06:22","slug":"chi-siamo","status":"publish","type":"page","link":"https:\/\/truffletim.ro\/it\/chi-siamo\/","title":{"rendered":"Chi siamo"},"content":{"rendered":"<p>[et_pb_section fb_built=&#8221;1&#8243; _builder_version=&#8221;4.24.2&#8243; _module_preset=&#8221;default&#8221; background_color=&#8221;rgba(0,0,0,0.81)&#8221; background_image=&#8221;https:\/\/truffletim.ro\/wp-content\/uploads\/2024\/01\/padure.jpg&#8221; background_position=&#8221;center_left&#8221; background_blend=&#8221;overlay&#8221; custom_padding=&#8221;130px||130px||true|false&#8221; top_divider_style=&#8221;mountains2&#8243; top_divider_color=&#8221;#000000&#8243; top_divider_repeat=&#8221;2x&#8221; top_divider_height_tablet=&#8221;&#8221; top_divider_height_phone=&#8221;59px&#8221; top_divider_height_last_edited=&#8221;on|phone&#8221; top_divider_repeat_tablet=&#8221;1x&#8221; top_divider_repeat_phone=&#8221;1x&#8221; top_divider_repeat_last_edited=&#8221;on|phone&#8221; bottom_divider_style=&#8221;mountains2&#8243; bottom_divider_color=&#8221;#0b4200&#8243; bottom_divider_height=&#8221;149px&#8221; bottom_divider_flip=&#8221;horizontal&#8221; bottom_divider_height_tablet=&#8221;149px&#8221; bottom_divider_height_phone=&#8221;100px&#8221; bottom_divider_height_last_edited=&#8221;on|phone&#8221; hover_enabled=&#8221;0&#8243; global_colors_info=&#8221;{}&#8221; sticky_enabled=&#8221;0&#8243;][et_pb_row use_custom_gutter=&#8221;on&#8221; make_equal=&#8221;on&#8221; _builder_version=&#8221;4.24.2&#8243; _module_preset=&#8221;default&#8221; width_tablet=&#8221;&#8221; width_phone=&#8221;90%&#8221; width_last_edited=&#8221;on|phone&#8221; max_width=&#8221;100%&#8221; global_colors_info=&#8221;{}&#8221;][et_pb_column type=&#8221;4_4&#8243; _builder_version=&#8221;4.24.0&#8243; _module_preset=&#8221;default&#8221; custom_padding=&#8221;||||false|false&#8221; global_colors_info=&#8221;{}&#8221;][et_pb_text _builder_version=&#8221;4.24.2&#8243; _module_preset=&#8221;default&#8221; text_font=&#8221;|700|||||||&#8221; text_text_color=&#8221;#FFFFFF&#8221; text_font_size=&#8221;18px&#8221; header_font=&#8221;|800||on|||||&#8221; header_text_color=&#8221;#FFFFFF&#8221; animation_style=&#8221;slide&#8221; animation_direction=&#8221;top&#8221; animation_intensity_slide=&#8221;5%&#8221; text_font_size_tablet=&#8221;18px&#8221; text_font_size_phone=&#8221;16px&#8221; text_font_size_last_edited=&#8221;on|phone&#8221; header_font_size_tablet=&#8221;&#8221; header_font_size_phone=&#8221;25px&#8221; header_font_size_last_edited=&#8221;on|phone&#8221; global_colors_info=&#8221;{}&#8221;]<\/p>\n<h1>Chi siamo<\/h1>\n<p>Truffle Tim &#8211; un ponte tra la terra e la passione per la gastronomia, la tradizione e l&#8217;autenticit\u00e0. Siamo fermamente impegnati a promuovere e utilizzare le risorse locali, in particolare i tartufi, portando queste ricchezze terrene in primo piano in modo responsabile e sostenibile.<\/p>\n<p>Siamo preoccupati per la salute delle foreste e degli ecosistemi da cui provengono questi tesori. Pertanto, abbiamo iniziato a formare un team di cacciatori e cani addestrati per la raccolta responsabile. Abbiamo scelto di affittare foreste chiave in Romania per facilitare la raccolta sostenibile e controllata dei tartufi senza danneggiare fauna e flora.<\/p>\n<p>[\/et_pb_text][\/et_pb_column][\/et_pb_row][et_pb_row column_structure=&#8221;2_5,3_5&#8243; make_equal=&#8221;on&#8221; module_class=&#8221;reverse-columns-mobile&#8221; _builder_version=&#8221;4.24.2&#8243; _module_preset=&#8221;default&#8221; width_tablet=&#8221;&#8221; width_phone=&#8221;90%&#8221; width_last_edited=&#8221;on|phone&#8221; max_width=&#8221;100%&#8221; module_alignment=&#8221;center&#8221; global_colors_info=&#8221;{}&#8221;][et_pb_column type=&#8221;2_5&#8243; module_class=&#8221;vertical-align&#8221; _builder_version=&#8221;4.24.0&#8243; _module_preset=&#8221;default&#8221; global_colors_info=&#8221;{}&#8221;][et_pb_text _builder_version=&#8221;4.24.2&#8243; _module_preset=&#8221;default&#8221; text_font=&#8221;|700|||||||&#8221; text_text_color=&#8221;#FFFFFF&#8221; text_font_size=&#8221;18px&#8221; header_font=&#8221;|800|||||||&#8221; header_text_color=&#8221;#FFFFFF&#8221; animation_style=&#8221;slide&#8221; animation_direction=&#8221;left&#8221; animation_intensity_slide=&#8221;5%&#8221; text_font_size_tablet=&#8221;18px&#8221; text_font_size_phone=&#8221;16px&#8221; text_font_size_last_edited=&#8221;on|phone&#8221; global_colors_info=&#8221;{}&#8221;]<\/p>\n<p>Partendo da una semplice esigenza di fornire tartufi freschi e di alta qualit\u00e0 ai ristoranti partner, siamo cresciuti ed espansi, diventando fornitori per ristoranti rinomati in tutto il paese.<\/p>\n<p>Tuttavia, la nostra visione \u00e8 molto pi\u00f9 ampia. Abbiamo diversificato la nostra gamma di prodotti per rendere i tartufi pi\u00f9 accessibili, inclusi prodotti prelibati come formaggio al tartufo, burro al tartufo e la ricetta della salsa pi\u00f9 raffinata, tutti ora disponibili sugli scaffali degli ipermercati in Romania.<\/p>\n<p>Abbiamo ampliato le collaborazioni oltre i confini del paese, stabilendo partnership solide in diversi paesi europei. Con elevati standard di conservazione, tutela e lavorazione, garantiamo che ogni tartufo raggiunga la sua forma pi\u00f9 fresca e deliziosa possibile.<\/p>\n<p>Ci assicuriamo che ogni passo del processo sia gestito con cura e precisione. Disponiamo di un sistema logistico elaborato, che comprende non solo il trasporto ottimale dei tartufi, ma anche strutture come attrezzature specializzate per il lavaggio, il sottovuoto e il congelamento rapido a -40 gradi Celsius.<\/p>\n<p>[\/et_pb_text][\/et_pb_column][et_pb_column type=&#8221;3_5&#8243; module_class=&#8221;vertical-align&#8221; _builder_version=&#8221;4.24.0&#8243; _module_preset=&#8221;default&#8221; global_colors_info=&#8221;{}&#8221;][et_pb_image src=&#8221;https:\/\/truffletim.ro\/wp-content\/uploads\/2024\/02\/truffle-2.jpeg&#8221; title_text=&#8221;truffle 2&#8243; _builder_version=&#8221;4.24.2&#8243; _module_preset=&#8221;default&#8221; animation_style=&#8221;slide&#8221; animation_direction=&#8221;right&#8221; animation_intensity_slide=&#8221;5%&#8221; global_colors_info=&#8221;{}&#8221;][\/et_pb_image][\/et_pb_column][\/et_pb_row][et_pb_row column_structure=&#8221;3_5,2_5&#8243; make_equal=&#8221;on&#8221; _builder_version=&#8221;4.24.2&#8243; _module_preset=&#8221;default&#8221; width_tablet=&#8221;&#8221; width_phone=&#8221;90%&#8221; width_last_edited=&#8221;on|phone&#8221; max_width=&#8221;100%&#8221; global_colors_info=&#8221;{}&#8221;][et_pb_column type=&#8221;3_5&#8243; module_class=&#8221;vertical-align&#8221; _builder_version=&#8221;4.24.0&#8243; _module_preset=&#8221;default&#8221; global_colors_info=&#8221;{}&#8221;][et_pb_image src=&#8221;https:\/\/truffletim.ro\/wp-content\/uploads\/2024\/02\/truffle.jpeg&#8221; title_text=&#8221;truffle&#8221; _builder_version=&#8221;4.24.2&#8243; _module_preset=&#8221;default&#8221; animation_style=&#8221;slide&#8221; animation_direction=&#8221;left&#8221; animation_intensity_slide=&#8221;5%&#8221; global_colors_info=&#8221;{}&#8221;][\/et_pb_image][\/et_pb_column][et_pb_column type=&#8221;2_5&#8243; module_class=&#8221;vertical-align&#8221; _builder_version=&#8221;4.24.0&#8243; _module_preset=&#8221;default&#8221; global_colors_info=&#8221;{}&#8221;][et_pb_text _builder_version=&#8221;4.24.2&#8243; _module_preset=&#8221;default&#8221; text_font=&#8221;|700|||||||&#8221; text_text_color=&#8221;#FFFFFF&#8221; text_font_size=&#8221;18px&#8221; header_font=&#8221;|800|||||||&#8221; header_text_color=&#8221;#FFFFFF&#8221; custom_padding=&#8221;||0px|||&#8221; animation_style=&#8221;slide&#8221; animation_direction=&#8221;right&#8221; animation_intensity_slide=&#8221;5%&#8221; text_font_size_tablet=&#8221;18px&#8221; text_font_size_phone=&#8221;16px&#8221; text_font_size_last_edited=&#8221;on|phone&#8221; global_colors_info=&#8221;{}&#8221;]<\/p>\n<p>Beneficiamo del pi\u00f9 grande congelatore industriale in Romania, con una capacit\u00e0 di stoccaggio di oltre 12.000 tonnellate, fornito dal nostro principale partner, garantendo che i tartufi siano conservati alla temperatura perfetta per preservare freschezza e aroma unico.<\/p>\n<p>Ma il nostro successo non \u00e8 solo nostro. Appartiene all&#8217;intero team. Creando posti di lavoro e partecipando attivamente allo sviluppo economico delle regioni in cui operiamo, miriamo ad essere un motore di progresso nella nostra comunit\u00e0.<\/p>\n<p>Da Truffle Tim, i tartufi non sono solo un&#8217;industria. Sono una passione. Sono una passione. Una passione per i sapori, per la gastronomia, per la qualit\u00e0 e per la protezione e promozione delle ricchezze naturali della terra.<\/p>\n<p>[\/et_pb_text][\/et_pb_column][\/et_pb_row][\/et_pb_section]<\/p>\n","protected":false},"excerpt":{"rendered":"<p>Chi siamo Truffle Tim &#8211; un ponte tra la terra e la passione per la gastronomia, la tradizione e l&#8217;autenticit\u00e0. Siamo fermamente impegnati a promuovere e utilizzare le risorse locali, in particolare i tartufi, portando queste ricchezze terrene in primo piano in modo responsabile e sostenibile. Siamo preoccupati per la salute delle foreste e degli [&hellip;]<\/p>\n","protected":false},"author":1,"featured_media":0,"parent":0,"menu_order":0,"comment_status":"closed","ping_status":"closed","template":"","meta":{"_acf_changed":false,"_et_pb_use_builder":"on","_et_pb_old_content":"","_et_gb_content_width":"","footnotes":""},"class_list":["post-1043","page","type-page","status-publish","hentry"],"acf":[],"_links":{"self":[{"href":"https:\/\/truffletim.ro\/it\/wp-json\/wp\/v2\/pages\/1043","targetHints":{"allow":["GET"]}}],"collection":[{"href":"https:\/\/truffletim.ro\/it\/wp-json\/wp\/v2\/pages"}],"about":[{"href":"https:\/\/truffletim.ro\/it\/wp-json\/wp\/v2\/types\/page"}],"author":[{"embeddable":true,"href":"https:\/\/truffletim.ro\/it\/wp-json\/wp\/v2\/users\/1"}],"replies":[{"embeddable":true,"href":"https:\/\/truffletim.ro\/it\/wp-json\/wp\/v2\/comments?post=1043"}],"version-history":[{"count":6,"href":"https:\/\/truffletim.ro\/it\/wp-json\/wp\/v2\/pages\/1043\/revisions"}],"predecessor-version":[{"id":1223,"href":"https:\/\/truffletim.ro\/it\/wp-json\/wp\/v2\/pages\/1043\/revisions\/1223"}],"wp:attachment":[{"href":"https:\/\/truffletim.ro\/it\/wp-json\/wp\/v2\/media?parent=1043"}],"curies":[{"name":"wp","href":"https:\/\/api.w.org\/{rel}","templated":true}]}}